{"id":1581,"date":"2020-08-13T20:17:50","date_gmt":"2020-08-13T20:17:50","guid":{"rendered":"https:\/\/arteonrender.com\/nueva\/?page_id=1581"},"modified":"2023-06-02T00:20:22","modified_gmt":"2023-06-02T05:20:22","slug":"nosotros","status":"publish","type":"page","link":"https:\/\/arteonrender.com\/es\/nosotros\/","title":{"rendered":"Nosotros"},"content":{"rendered":"<div class=\"fusion-fullwidth fullwidth-box fusion-builder-row-1 nonhundred-percent-fullwidth non-hundred-percent-height-scrolling\" style=\"background-color: #ffffff;background-position: left top;background-repeat: no-repeat;padding-top:50px;padding-right:0px;padding-bottom:0px;padding-left:0px;margin-bottom: 0px;margin-top: 0px;border-width: 0px 0px 0px 0px;border-color:#ffffff;border-style:solid;\" ><div class=\"fusion-builder-row fusion-row\"><div class=\"fusion-layout-column fusion_builder_column fusion-builder-column-0 fusion_builder_column_1_2 1_2 fusion-one-half fusion-column-first\" style=\"width:50%;width:calc(50% - ( ( 4% ) * 0.5 ) );margin-right: 4%;margin-top:0px;margin-bottom:0px;\"><div class=\"fusion-column-wrapper fusion-flex-column-wrapper-legacy\" style=\"background-position:left top;background-repeat:no-repeat;-webkit-background-size:cover;-moz-background-size:cover;-o-background-size:cover;background-size:cover;padding: 38px 24px 0px 30px;\"><div class=\"fusion-text fusion-text-1\" style=\"text-align:center;\"><h5 style=\"text-align: justify;\">Arteon es un estudio especializado en la creaci\u00f3n de renders y visualizaciones arquitect\u00f3nicas de alta calidad. Con un equipo formado por profesionales de diferentes procedencias culturales, brindamos una perspectiva \u00fanica y una visi\u00f3n m\u00e1s amplia a los procesos creativos que implementamos para el desarrollo de nuestros proyectos.<\/h5>\n<h5 style=\"text-align: justify;\">Nos enorgullece ser expertos en la creaci\u00f3n de renders arquitect\u00f3nicos, fotorrealismo, arquitectura 3D, infograf\u00edas (CGI), animaci\u00f3n arquitect\u00f3nica y cualquier tipo de visualizaci\u00f3n computarizada de alta calidad. Abarcamos diferentes aspectos de la arquitectura, incluyendo el interiorismo, urbanismo y paisajismo, lo que nos permite ofrecer soluciones personalizadas que satisfacen las necesidades de cada cliente.<\/h5>\n<\/div><div class=\"fusion-clearfix\"><\/div><\/div><\/div><div class=\"fusion-layout-column fusion_builder_column fusion-builder-column-1 fusion_builder_column_1_2 1_2 fusion-one-half fusion-column-last\" style=\"width:50%;width:calc(50% - ( ( 4% ) * 0.5 ) );margin-top:0px;margin-bottom:0px;\"><div class=\"fusion-column-wrapper fusion-flex-column-wrapper-legacy\" style=\"background-position:left top;background-repeat:no-repeat;-webkit-background-size:cover;-moz-background-size:cover;-o-background-size:cover;background-size:cover;padding: 0px 22px 0px 24px;\"><span class=\"fusion-imageframe imageframe-none imageframe-1 hover-type-none\"><img decoding=\"async\" width=\"1024\" image_height=\"682\" image_id=\"3188\" title=\"WhatsApp Image 2023-03-08 at 15.52.22\" src=\"https:\/\/arteonrender.com\/wp-content\/uploads\/2023\/06\/WhatsApp-Image-2023-03-08-at-15.52.22.jpeg\" data-orig-src=\"https:\/\/arteonrender.com\/wp-content\/uploads\/2023\/06\/WhatsApp-Image-2023-03-08-at-15.52.22-1024x682.jpeg\" class=\"lazyload img-responsive wp-image-3188\" srcset=\"data:image\/svg+xml,%3Csvg%20xmlns%3D%27http%3A%2F%2Fwww.w3.org%2F2000%2Fsvg%27%20width%3D%271600%27%20height%3D%271066%27%20viewBox%3D%270%200%201600%201066%27%3E%3Crect%20width%3D%271600%27%20height%3D%2731066%27%20fill-opacity%3D%220%22%2F%3E%3C%2Fsvg%3E\" data-srcset=\"https:\/\/arteonrender.com\/wp-content\/uploads\/2023\/06\/WhatsApp-Image-2023-03-08-at-15.52.22-200x133.jpeg 200w, https:\/\/arteonrender.com\/wp-content\/uploads\/2023\/06\/WhatsApp-Image-2023-03-08-at-15.52.22-400x267.jpeg 400w, https:\/\/arteonrender.com\/wp-content\/uploads\/2023\/06\/WhatsApp-Image-2023-03-08-at-15.52.22-600x400.jpeg 600w, https:\/\/arteonrender.com\/wp-content\/uploads\/2023\/06\/WhatsApp-Image-2023-03-08-at-15.52.22-800x533.jpeg 800w, https:\/\/arteonrender.com\/wp-content\/uploads\/2023\/06\/WhatsApp-Image-2023-03-08-at-15.52.22-1200x800.jpeg 1200w, https:\/\/arteonrender.com\/wp-content\/uploads\/2023\/06\/WhatsApp-Image-2023-03-08-at-15.52.22.jpeg 1600w\" data-sizes=\"auto\" data-orig-sizes=\"(max-width: 800px) 100vw, 600px\" \/><\/span><div class=\"fusion-clearfix\"><\/div><\/div><\/div><div class=\"fusion-layout-column fusion_builder_column fusion-builder-column-2 fusion_builder_column_1_2 1_2 fusion-one-half fusion-column-first\" style=\"width:50%;width:calc(50% - ( ( 4% ) * 0.5 ) );margin-right: 4%;margin-top:0px;margin-bottom:0px;\"><div class=\"fusion-column-wrapper fusion-flex-column-wrapper-legacy\" style=\"background-position:left top;background-repeat:no-repeat;-webkit-background-size:cover;-moz-background-size:cover;-o-background-size:cover;background-size:cover;padding: 47px 23px 0px 23px;\"><span class=\"fusion-imageframe imageframe-none imageframe-2 hover-type-none\"><img decoding=\"async\" width=\"1024\" image_height=\"682\" image_id=\"3191\" title=\"WhatsApp Image 2023-03-08 at 16.08.14\" src=\"https:\/\/arteonrender.com\/wp-content\/uploads\/2023\/06\/WhatsApp-Image-2023-03-08-at-16.08.14.jpeg\" data-orig-src=\"https:\/\/arteonrender.com\/wp-content\/uploads\/2023\/06\/WhatsApp-Image-2023-03-08-at-16.08.14-1024x682.jpeg\" class=\"lazyload img-responsive wp-image-3191\" srcset=\"data:image\/svg+xml,%3Csvg%20xmlns%3D%27http%3A%2F%2Fwww.w3.org%2F2000%2Fsvg%27%20width%3D%271600%27%20height%3D%271066%27%20viewBox%3D%270%200%201600%201066%27%3E%3Crect%20width%3D%271600%27%20height%3D%2731066%27%20fill-opacity%3D%220%22%2F%3E%3C%2Fsvg%3E\" data-srcset=\"https:\/\/arteonrender.com\/wp-content\/uploads\/2023\/06\/WhatsApp-Image-2023-03-08-at-16.08.14-200x133.jpeg 200w, https:\/\/arteonrender.com\/wp-content\/uploads\/2023\/06\/WhatsApp-Image-2023-03-08-at-16.08.14-400x267.jpeg 400w, https:\/\/arteonrender.com\/wp-content\/uploads\/2023\/06\/WhatsApp-Image-2023-03-08-at-16.08.14-600x400.jpeg 600w, https:\/\/arteonrender.com\/wp-content\/uploads\/2023\/06\/WhatsApp-Image-2023-03-08-at-16.08.14-800x533.jpeg 800w, https:\/\/arteonrender.com\/wp-content\/uploads\/2023\/06\/WhatsApp-Image-2023-03-08-at-16.08.14-1200x800.jpeg 1200w, https:\/\/arteonrender.com\/wp-content\/uploads\/2023\/06\/WhatsApp-Image-2023-03-08-at-16.08.14.jpeg 1600w\" data-sizes=\"auto\" data-orig-sizes=\"(max-width: 800px) 100vw, 600px\" \/><\/span><div class=\"fusion-clearfix\"><\/div><\/div><\/div><div class=\"fusion-layout-column fusion_builder_column fusion-builder-column-3 fusion_builder_column_1_2 1_2 fusion-one-half fusion-column-last\" style=\"width:50%;width:calc(50% - ( ( 4% ) * 0.5 ) );margin-top:0px;margin-bottom:0px;\"><div class=\"fusion-column-wrapper fusion-flex-column-wrapper-legacy\" style=\"background-position:left top;background-repeat:no-repeat;-webkit-background-size:cover;-moz-background-size:cover;-o-background-size:cover;background-size:cover;padding: 39px 26px 0px 27px;\"><div class=\"fusion-text fusion-text-2\"><h5 style=\"text-align: justify;\">Estamos enfocados a ofrecer una atenci\u00f3n personalizada a nuestros clientes, combinando tecnolog\u00eda de punta y modernos conceptos creativos para materializar sus proyectos. Nuestro compromiso con la calidad y la innovaci\u00f3n nos distingue en el mercado, y nos asegura de que cada proyecto sea una verdadera obra de arte.<\/h5>\n<h5 style=\"text-align: justify;\">Trabajamos estrechamente con nuestros clientes para garantizar que cada aspecto de su visi\u00f3n sea plasmado de manera efectiva en sus proyectos.<\/h5>\n<\/div><div class=\"fusion-text fusion-text-3\" style=\"font-family:&quot;Arial, Helvetica, sans-serif&quot;;font-weight:400;\"><h5 style=\"text-align: justify;\">En Arteon nos apasiona el arte de la visualizaci\u00f3n arquitect\u00f3nica y trabajamos duro para asegurarnos de que cada uno de nuestros proyectos sea una experiencia \u00fanica y satisfactoria para nuestros clientes.<\/h5>\n<\/div><div class=\"fusion-clearfix\"><\/div><\/div><\/div><div class=\"fusion-layout-column fusion_builder_column fusion-builder-column-4 fusion_builder_column_1_1 1_1 fusion-one-full fusion-column-first fusion-column-last\" style=\"margin-top:0px;margin-bottom:0px;\"><div class=\"fusion-column-wrapper fusion-flex-column-wrapper-legacy\" style=\"background-position:left top;background-repeat:no-repeat;-webkit-background-size:cover;-moz-background-size:cover;-o-background-size:cover;background-size:cover;padding: 4% 146px 6% 157px;\"><div class=\"imageframe-align-center\"><span class=\"fusion-imageframe imageframe-none imageframe-3 hover-type-none\" style=\"margin-bottom:20px;\"><img decoding=\"async\" width=\"230\" image_height=\"66\" image_id=\"3192\" title=\"arteam\" src=\"https:\/\/arteonrender.com\/wp-content\/uploads\/2023\/06\/arteam.png\" data-orig-src=\"https:\/\/arteonrender.com\/wp-content\/uploads\/2023\/06\/arteam.png\" class=\"lazyload img-responsive wp-image-3192\" srcset=\"data:image\/svg+xml,%3Csvg%20xmlns%3D%27http%3A%2F%2Fwww.w3.org%2F2000%2Fsvg%27%20width%3D%27230%27%20height%3D%2766%27%20viewBox%3D%270%200%20230%2066%27%3E%3Crect%20width%3D%27230%27%20height%3D%27366%27%20fill-opacity%3D%220%22%2F%3E%3C%2Fsvg%3E\" data-srcset=\"https:\/\/arteonrender.com\/wp-content\/uploads\/2023\/06\/arteam-200x57.png 200w, https:\/\/arteonrender.com\/wp-content\/uploads\/2023\/06\/arteam.png 230w\" data-sizes=\"auto\" data-orig-sizes=\"(max-width: 800px) 100vw, 230px\" \/><\/span><\/div><div class=\"fusion-clearfix\"><\/div><\/div><\/div><div class=\"fusion-layout-column fusion_builder_column fusion-builder-column-5 fusion_builder_column_1_2 1_2 fusion-one-half fusion-column-first\" style=\"width:50%;width:calc(50% - ( ( 1% ) * 0.5 ) );margin-right: 1%;margin-top:0px;margin-bottom:0px;\"><div class=\"fusion-column-wrapper fusion-flex-column-wrapper-legacy\" style=\"background-position:left top;background-repeat:no-repeat;-webkit-background-size:cover;-moz-background-size:cover;-o-background-size:cover;background-size:cover;padding: 25px 25px 25px 25px;\"><div class=\"fusion-column-content-centered\"><div class=\"fusion-column-content\"><div class=\"imageframe-align-center\"><span class=\"fusion-imageframe imageframe-none imageframe-4 hover-type-none\" style=\"width:100%;max-width: ;\"><img decoding=\"async\" width=\"683\" image_height=\"1024\" image_id=\"3193\" title=\"RTF-71\" src=\"https:\/\/arteonrender.com\/wp-content\/uploads\/2023\/06\/RTF-71-scaled.jpg\" data-orig-src=\"https:\/\/arteonrender.com\/wp-content\/uploads\/2023\/06\/RTF-71-683x1024.jpg\" class=\"lazyload img-responsive wp-image-3193\" srcset=\"data:image\/svg+xml,%3Csvg%20xmlns%3D%27http%3A%2F%2Fwww.w3.org%2F2000%2Fsvg%27%20width%3D%271707%27%20height%3D%272560%27%20viewBox%3D%270%200%201707%202560%27%3E%3Crect%20width%3D%271707%27%20height%3D%2732560%27%20fill-opacity%3D%220%22%2F%3E%3C%2Fsvg%3E\" data-srcset=\"https:\/\/arteonrender.com\/wp-content\/uploads\/2023\/06\/RTF-71-200x300.jpg 200w, https:\/\/arteonrender.com\/wp-content\/uploads\/2023\/06\/RTF-71-400x600.jpg 400w, https:\/\/arteonrender.com\/wp-content\/uploads\/2023\/06\/RTF-71-600x900.jpg 600w, https:\/\/arteonrender.com\/wp-content\/uploads\/2023\/06\/RTF-71-800x1200.jpg 800w, https:\/\/arteonrender.com\/wp-content\/uploads\/2023\/06\/RTF-71-1200x1800.jpg 1200w, https:\/\/arteonrender.com\/wp-content\/uploads\/2023\/06\/RTF-71-scaled.jpg 1707w\" data-sizes=\"auto\" data-orig-sizes=\"(max-width: 800px) 100vw, 600px\" \/><\/span><\/div><div class=\"fusion-text fusion-text-4\"><h4 style=\"text-align: center;\">ARQ. YERANDER RODRIGUEZ<\/h4>\n<h4 style=\"text-align: center;\">CEO EXECUTIVE DIRECTOR<\/h4>\n<\/div><\/div><\/div><div class=\"fusion-clearfix\"><\/div><\/div><\/div><div class=\"fusion-layout-column fusion_builder_column fusion-builder-column-6 fusion_builder_column_1_2 1_2 fusion-one-half fusion-column-last\" style=\"width:50%;width:calc(50% - ( ( 1% ) * 0.5 ) );margin-top:0px;margin-bottom:0px;\"><div class=\"fusion-column-wrapper fusion-flex-column-wrapper-legacy\" style=\"background-position:left top;background-repeat:no-repeat;-webkit-background-size:cover;-moz-background-size:cover;-o-background-size:cover;background-size:cover;padding: 25px 25px 25px 25px;\"><div class=\"fusion-column-content-centered\"><div class=\"fusion-column-content\"><div class=\"imageframe-align-center\"><span class=\"fusion-imageframe imageframe-none imageframe-5 hover-type-none\" style=\"width:100%;max-width: ;\"><img decoding=\"async\" width=\"683\" image_height=\"1024\" image_id=\"3194\" title=\"Perea123312672-003-#02\" src=\"https:\/\/arteonrender.com\/wp-content\/uploads\/2023\/06\/Perea123312672-003-02-scaled.jpg\" data-orig-src=\"https:\/\/arteonrender.com\/wp-content\/uploads\/2023\/06\/Perea123312672-003-02-683x1024.jpg\" class=\"lazyload img-responsive wp-image-3194\" srcset=\"data:image\/svg+xml,%3Csvg%20xmlns%3D%27http%3A%2F%2Fwww.w3.org%2F2000%2Fsvg%27%20width%3D%271707%27%20height%3D%272560%27%20viewBox%3D%270%200%201707%202560%27%3E%3Crect%20width%3D%271707%27%20height%3D%2732560%27%20fill-opacity%3D%220%22%2F%3E%3C%2Fsvg%3E\" data-srcset=\"https:\/\/arteonrender.com\/wp-content\/uploads\/2023\/06\/Perea123312672-003-02-200x300.jpg 200w, https:\/\/arteonrender.com\/wp-content\/uploads\/2023\/06\/Perea123312672-003-02-400x600.jpg 400w, https:\/\/arteonrender.com\/wp-content\/uploads\/2023\/06\/Perea123312672-003-02-600x900.jpg 600w, https:\/\/arteonrender.com\/wp-content\/uploads\/2023\/06\/Perea123312672-003-02-800x1200.jpg 800w, https:\/\/arteonrender.com\/wp-content\/uploads\/2023\/06\/Perea123312672-003-02-1200x1800.jpg 1200w, https:\/\/arteonrender.com\/wp-content\/uploads\/2023\/06\/Perea123312672-003-02-scaled.jpg 1707w\" data-sizes=\"auto\" data-orig-sizes=\"(max-width: 800px) 100vw, 600px\" \/><\/span><\/div><div class=\"fusion-text fusion-text-5\"><h4 style=\"text-align: center;\">ARQ. IVAN PEREA VARGAS<\/h4>\n<h4 style=\"text-align: center;\">COO DIRECTOR OF OPERATIONS<\/h4>\n<\/div><\/div><\/div><div class=\"fusion-clearfix\"><\/div><\/div><\/div><div class=\"fusion-layout-column fusion_builder_column fusion-builder-column-7 fusion_builder_column_1_2 1_2 fusion-one-half fusion-column-first\" style=\"width:50%;width:calc(50% - ( ( 1% ) * 0.5 ) );margin-right: 1%;margin-top:0px;margin-bottom:0px;\"><div class=\"fusion-column-wrapper fusion-flex-column-wrapper-legacy\" style=\"background-position:left top;background-repeat:no-repeat;-webkit-background-size:cover;-moz-background-size:cover;-o-background-size:cover;background-size:cover;padding: 25px 25px 25px 25px;\"><div class=\"fusion-column-content-centered\"><div class=\"fusion-column-content\"><div class=\"imageframe-align-center\"><span class=\"fusion-imageframe imageframe-none imageframe-6 hover-type-none\" style=\"width:100%;max-width: ;\"><img decoding=\"async\" width=\"682\" image_height=\"1024\" image_id=\"3196\" title=\"WhatsApp Image 2023-03-14 at 11.05.50\" src=\"https:\/\/arteonrender.com\/wp-content\/uploads\/2023\/06\/WhatsApp-Image-2023-03-14-at-11.05.50.jpeg\" data-orig-src=\"https:\/\/arteonrender.com\/wp-content\/uploads\/2023\/06\/WhatsApp-Image-2023-03-14-at-11.05.50-682x1024.jpeg\" class=\"lazyload img-responsive wp-image-3196\" srcset=\"data:image\/svg+xml,%3Csvg%20xmlns%3D%27http%3A%2F%2Fwww.w3.org%2F2000%2Fsvg%27%20width%3D%271066%27%20height%3D%271600%27%20viewBox%3D%270%200%201066%201600%27%3E%3Crect%20width%3D%271066%27%20height%3D%2731600%27%20fill-opacity%3D%220%22%2F%3E%3C%2Fsvg%3E\" data-srcset=\"https:\/\/arteonrender.com\/wp-content\/uploads\/2023\/06\/WhatsApp-Image-2023-03-14-at-11.05.50-200x300.jpeg 200w, https:\/\/arteonrender.com\/wp-content\/uploads\/2023\/06\/WhatsApp-Image-2023-03-14-at-11.05.50-400x600.jpeg 400w, https:\/\/arteonrender.com\/wp-content\/uploads\/2023\/06\/WhatsApp-Image-2023-03-14-at-11.05.50-600x901.jpeg 600w, https:\/\/arteonrender.com\/wp-content\/uploads\/2023\/06\/WhatsApp-Image-2023-03-14-at-11.05.50-800x1201.jpeg 800w, https:\/\/arteonrender.com\/wp-content\/uploads\/2023\/06\/WhatsApp-Image-2023-03-14-at-11.05.50.jpeg 1066w\" data-sizes=\"auto\" data-orig-sizes=\"(max-width: 800px) 100vw, 600px\" \/><\/span><\/div><div class=\"fusion-text fusion-text-6\"><h4 style=\"text-align: center;\">STEFANNY ORTIZ<\/h4>\n<h4 style=\"text-align: center;\">COMERCIAL DIRECTOR<\/h4>\n<\/div><\/div><\/div><div class=\"fusion-clearfix\"><\/div><\/div><\/div><div class=\"fusion-layout-column fusion_builder_column fusion-builder-column-8 fusion_builder_column_1_2 1_2 fusion-one-half fusion-column-last\" style=\"width:50%;width:calc(50% - ( ( 1% ) * 0.5 ) );margin-top:0px;margin-bottom:0px;\"><div class=\"fusion-column-wrapper fusion-flex-column-wrapper-legacy\" style=\"background-position:left top;background-repeat:no-repeat;-webkit-background-size:cover;-moz-background-size:cover;-o-background-size:cover;background-size:cover;padding: 25px 25px 25px 25px;\"><div class=\"fusion-column-content-centered\"><div class=\"fusion-column-content\"><div class=\"imageframe-align-center\"><span class=\"fusion-imageframe imageframe-none imageframe-7 hover-type-none\" style=\"width:100%;max-width: ;\"><img decoding=\"async\" width=\"683\" image_height=\"1024\" image_id=\"3195\" title=\"Perea123312672-00708\" src=\"https:\/\/arteonrender.com\/wp-content\/uploads\/2023\/06\/Perea123312672-00708-scaled.jpg\" data-orig-src=\"https:\/\/arteonrender.com\/wp-content\/uploads\/2023\/06\/Perea123312672-00708-683x1024.jpg\" class=\"lazyload img-responsive wp-image-3195\" srcset=\"data:image\/svg+xml,%3Csvg%20xmlns%3D%27http%3A%2F%2Fwww.w3.org%2F2000%2Fsvg%27%20width%3D%271707%27%20height%3D%272560%27%20viewBox%3D%270%200%201707%202560%27%3E%3Crect%20width%3D%271707%27%20height%3D%2732560%27%20fill-opacity%3D%220%22%2F%3E%3C%2Fsvg%3E\" data-srcset=\"https:\/\/arteonrender.com\/wp-content\/uploads\/2023\/06\/Perea123312672-00708-200x300.jpg 200w, https:\/\/arteonrender.com\/wp-content\/uploads\/2023\/06\/Perea123312672-00708-400x600.jpg 400w, https:\/\/arteonrender.com\/wp-content\/uploads\/2023\/06\/Perea123312672-00708-600x900.jpg 600w, https:\/\/arteonrender.com\/wp-content\/uploads\/2023\/06\/Perea123312672-00708-800x1200.jpg 800w, https:\/\/arteonrender.com\/wp-content\/uploads\/2023\/06\/Perea123312672-00708-1200x1800.jpg 1200w, https:\/\/arteonrender.com\/wp-content\/uploads\/2023\/06\/Perea123312672-00708-scaled.jpg 1707w\" data-sizes=\"auto\" data-orig-sizes=\"(max-width: 800px) 100vw, 600px\" \/><\/span><\/div><div class=\"fusion-text fusion-text-7\"><h4 style=\"text-align: center;\">GABRIELA VAZQUEZ<\/h4>\n<h4 style=\"text-align: center;\">FINANCE DIRECTOR<\/h4>\n<\/div><\/div><\/div><div class=\"fusion-clearfix\"><\/div><\/div><\/div><\/div><style type=\"text\/css\">.fusion-fullwidth.fusion-builder-row-1 a:not(.fusion-button):not(.fusion-builder-module-control):not(.fusion-social-network-icon):not(.fb-icon-element):not(.fusion-countdown-link):not(.fusion-rollover-link):not(.fusion-rollover-gallery):not(.fusion-button-bar):not(.add_to_cart_button):not(.show_details_button):not(.product_type_external):not(.fusion-view-cart):not(.fusion-quick-view):not(.fusion-rollover-title-link):not(.fusion-breadcrumb-link) , .fusion-fullwidth.fusion-builder-row-1 a:not(.fusion-button):not(.fusion-builder-module-control):not(.fusion-social-network-icon):not(.fb-icon-element):not(.fusion-countdown-link):not(.fusion-rollover-link):not(.fusion-rollover-gallery):not(.fusion-button-bar):not(.add_to_cart_button):not(.show_details_button):not(.product_type_external):not(.fusion-view-cart):not(.fusion-quick-view):not(.fusion-rollover-title-link):not(.fusion-breadcrumb-link):before, .fusion-fullwidth.fusion-builder-row-1 a:not(.fusion-button):not(.fusion-builder-module-control):not(.fusion-social-network-icon):not(.fb-icon-element):not(.fusion-countdown-link):not(.fusion-rollover-link):not(.fusion-rollover-gallery):not(.fusion-button-bar):not(.add_to_cart_button):not(.show_details_button):not(.product_type_external):not(.fusion-view-cart):not(.fusion-quick-view):not(.fusion-rollover-title-link):not(.fusion-breadcrumb-link):after {color: #ffffff;}<\/style><\/div>","protected":false},"excerpt":{"rendered":"","protected":false},"author":1,"featured_media":0,"parent":0,"menu_order":0,"comment_status":"closed","ping_status":"closed","template":"100-width.php","meta":{"_uag_custom_page_level_css":""},"uagb_featured_image_src":{"full":false,"thumbnail":false,"medium":false,"medium_large":false,"large":false,"1536x1536":false,"2048x2048":false,"trp-custom-language-flag":false,"portfolio-full":false,"portfolio-one":false,"portfolio-two":false,"portfolio-three":false,"portfolio-five":false,"blog-large":false,"blog-medium":false,"recent-posts":false,"recent-works-thumbnail":false,"fusion-200":false,"fusion-400":false,"fusion-600":false,"fusion-800":false,"fusion-1200":false},"uagb_author_info":{"display_name":"Admin_Arteon","author_link":"https:\/\/arteonrender.com\/es\/author\/admin_arteon\/"},"uagb_comment_info":0,"uagb_excerpt":null,"_links":{"self":[{"href":"https:\/\/arteonrender.com\/es\/wp-json\/wp\/v2\/pages\/1581"}],"collection":[{"href":"https:\/\/arteonrender.com\/es\/wp-json\/wp\/v2\/pages"}],"about":[{"href":"https:\/\/arteonrender.com\/es\/wp-json\/wp\/v2\/types\/page"}],"author":[{"embeddable":true,"href":"https:\/\/arteonrender.com\/es\/wp-json\/wp\/v2\/users\/1"}],"replies":[{"embeddable":true,"href":"https:\/\/arteonrender.com\/es\/wp-json\/wp\/v2\/comments?post=1581"}],"version-history":[{"count":15,"href":"https:\/\/arteonrender.com\/es\/wp-json\/wp\/v2\/pages\/1581\/revisions"}],"predecessor-version":[{"id":1655,"href":"https:\/\/arteonrender.com\/es\/wp-json\/wp\/v2\/pages\/1581\/revisions\/1655"}],"wp:attachment":[{"href":"https:\/\/arteonrender.com\/es\/wp-json\/wp\/v2\/media?parent=1581"}],"curies":[{"name":"wp","href":"https:\/\/api.w.org\/{rel}","templated":true}]}}