{"id":1572,"date":"2020-08-13T16:36:30","date_gmt":"2020-08-13T16:36:30","guid":{"rendered":"https:\/\/arteonrender.com\/nueva\/?page_id=1572"},"modified":"2023-06-01T22:14:31","modified_gmt":"2023-06-02T03:14:31","slug":"modelado-3d","status":"publish","type":"page","link":"https:\/\/arteonrender.com\/es\/modelado-3d\/","title":{"rendered":"Modelado 3d"},"content":{"rendered":"<p><div class=\"fusion-fullwidth fullwidth-box fusion-builder-row-1 fusion-flex-container hundred-percent-fullwidth non-hundred-percent-height-scrolling\" style=\"background-color: #ffffff;background-position: center center;background-repeat: no-repeat;border-width: 0px 0px 0px 0px;border-color:#ffffff;border-style:solid;\" ><div class=\"fusion-builder-row fusion-row fusion-flex-align-items-center fusion-flex-align-content-center fusion-flex-justify-content-center\" style=\"width:104% !important;max-width:104% !important;margin-left: calc(-4% \/ 2 );margin-right: calc(-4% \/ 2 );\"><div class=\"fusion-layout-column fusion_builder_column fusion-builder-column-0 fusion_builder_column_1_1 1_1 fusion-flex-column\"><div class=\"fusion-column-wrapper fusion-flex-justify-content-flex-start fusion-content-layout-column\" style=\"background-position:left top;background-repeat:no-repeat;-webkit-background-size:cover;-moz-background-size:cover;-o-background-size:cover;background-size:cover;padding: 0px 0px 0px 0px;\"><div class=\"fusion-text fusion-text-1\"><h5 style=\"text-align: justify;\"><span style=\"color: #000000;\">Contamos con la tecnolog\u00eda y experiencia para generar modelado en 3D enfocado en el desarrollo de proyectos relacionados al campo de la arquitectura. Este tipo de visualizaci\u00f3n ha ganado popularidad sobre los modelos en 2D, pues ofrece una gran cantidad de ventajas comerciales en comparaci\u00f3n. Esta t\u00e9cnica consta de crear entornos realistas volum\u00e9tricamente a partir de un modelo tridimensional. La creaci\u00f3n 3D es fiel en su totalidad al lugar que se quiere representar; componentes como los colores, las texturas e incluso la iluminaci\u00f3n, son simulados para conseguir un sentimiento de realismo.<\/span><\/h5>\n<\/div><\/div><\/div><style type=\"text\/css\">.fusion-body .fusion-builder-column-0{width:100% !important;margin-top : 0px;margin-bottom : 0px;}.fusion-builder-column-0 > .fusion-column-wrapper {padding-top : 0px !important;padding-right : 0px !important;margin-right : 1.92%;padding-bottom : 0px !important;padding-left : 0px !important;margin-left : 1.92%;}@media only screen and (max-width:1024px) {.fusion-body .fusion-builder-column-0{width:100% !important;order : 0;}.fusion-builder-column-0 > .fusion-column-wrapper {margin-right : 1.92%;margin-left : 1.92%;}}@media only screen and (max-width:640px) {.fusion-body .fusion-builder-column-0{width:100% !important;order : 0;}.fusion-builder-column-0 > .fusion-column-wrapper {margin-right : 1.92%;margin-left : 1.92%;}}<\/style><\/div><style type=\"text\/css\">.fusion-body .fusion-flex-container.fusion-builder-row-1{ padding-top : 60px;margin-top : 0px;padding-right : 0px;padding-bottom : 80px;margin-bottom : 0px;padding-left : 0px;}<\/style><\/div><div class=\"fusion-fullwidth fullwidth-box fusion-builder-row-2 fusion-flex-container hundred-percent-fullwidth non-hundred-percent-height-scrolling\" style=\"background-color: #ffffff;background-position: center center;background-repeat: no-repeat;border-width: 0px 0px 0px 0px;border-color:#ffffff;border-style:solid;\" ><div class=\"fusion-builder-row fusion-row fusion-flex-align-items-flex-start\" style=\"width:104% !important;max-width:104% !important;margin-left: calc(-4% \/ 2 );margin-right: calc(-4% \/ 2 );\"><div class=\"fusion-layout-column fusion_builder_column fusion-builder-column-1 fusion_builder_column_1_1 1_1 fusion-flex-column fusion-flex-align-self-center\"><div class=\"fusion-column-wrapper fusion-flex-justify-content-flex-start fusion-content-layout-block\" style=\"background-position:left top;background-repeat:no-repeat;-webkit-background-size:cover;-moz-background-size:cover;-o-background-size:cover;background-size:cover;padding: 0px 0px 0px 0px;\"><style type=\"text\/css\">.fusion-gallery-1 .fusion-gallery-image {border:0px solid #f6f6f6;}<\/style><div class=\"fusion-gallery fusion-gallery-container fusion-grid-3 fusion-columns-total-6 fusion-gallery-layout-grid fusion-gallery-1\" style=\"margin:0px;\"><div style=\"padding:0.5px;\" class=\"fusion-grid-column fusion-gallery-column fusion-gallery-column-3 hover-type-zoomout\"><div class=\"fusion-gallery-image\"><a href=\"https:\/\/arteonrender.com\/wp-content\/uploads\/2015\/11\/9a45fe6d-bb34-496a-bd2f-d9308d7037b6.jpeg\" rel=\"noreferrer\" data-rel=\"iLightbox[gallery_image_1]\" class=\"fusion-lightbox\" target=\"_self\"><img decoding=\"async\" loading=\"lazy\" src=\"https:\/\/arteonrender.com\/wp-content\/uploads\/2015\/11\/9a45fe6d-bb34-496a-bd2f-d9308d7037b6.jpeg\" data-orig-src=\"https:\/\/arteonrender.com\/wp-content\/uploads\/2015\/11\/9a45fe6d-bb34-496a-bd2f-d9308d7037b6.jpeg\" width=\"738\" height=\"523\" alt=\"\" title=\"9a45fe6d-bb34-496a-bd2f-d9308d7037b6\" aria-label=\"9a45fe6d-bb34-496a-bd2f-d9308d7037b6\" class=\"lazyload img-responsive wp-image-1519\" srcset=\"data:image\/svg+xml,%3Csvg%20xmlns%3D%27http%3A%2F%2Fwww.w3.org%2F2000%2Fsvg%27%20width%3D%27738%27%20height%3D%27523%27%20viewBox%3D%270%200%20738%20523%27%3E%3Crect%20width%3D%27738%27%20height%3D%273523%27%20fill-opacity%3D%220%22%2F%3E%3C%2Fsvg%3E\" data-srcset=\"https:\/\/arteonrender.com\/wp-content\/uploads\/2015\/11\/9a45fe6d-bb34-496a-bd2f-d9308d7037b6-200x142.jpeg 200w, https:\/\/arteonrender.com\/wp-content\/uploads\/2015\/11\/9a45fe6d-bb34-496a-bd2f-d9308d7037b6-400x283.jpeg 400w, https:\/\/arteonrender.com\/wp-content\/uploads\/2015\/11\/9a45fe6d-bb34-496a-bd2f-d9308d7037b6-600x425.jpeg 600w, https:\/\/arteonrender.com\/wp-content\/uploads\/2015\/11\/9a45fe6d-bb34-496a-bd2f-d9308d7037b6.jpeg 738w\" data-sizes=\"auto\" data-orig-sizes=\"(min-width: 2200px) 100vw, (min-width: 1004px) 400px, (min-width: 822px) 600px, (min-width: 640px) 822px, \" \/><\/a><\/div><\/div><div style=\"padding:0.5px;\" class=\"fusion-grid-column fusion-gallery-column fusion-gallery-column-3 hover-type-zoomout\"><div class=\"fusion-gallery-image\"><a href=\"https:\/\/arteonrender.com\/wp-content\/uploads\/2015\/11\/ALLISON_AS_OF-RIGHT-NEW_01-scaled-1.jpg\" rel=\"noreferrer\" data-rel=\"iLightbox[gallery_image_1]\" class=\"fusion-lightbox\" target=\"_self\"><img decoding=\"async\" loading=\"lazy\" src=\"https:\/\/arteonrender.com\/wp-content\/uploads\/2015\/11\/ALLISON_AS_OF-RIGHT-NEW_01-scaled-1.jpg\" data-orig-src=\"https:\/\/arteonrender.com\/wp-content\/uploads\/2015\/11\/ALLISON_AS_OF-RIGHT-NEW_01-scaled-1.jpg\" width=\"2560\" height=\"1737\" alt=\"\" title=\"ALLISON_AS_OF-RIGHT-NEW_01-scaled\" aria-label=\"ALLISON_AS_OF-RIGHT-NEW_01-scaled\" class=\"lazyload img-responsive wp-image-1520\" srcset=\"data:image\/svg+xml,%3Csvg%20xmlns%3D%27http%3A%2F%2Fwww.w3.org%2F2000%2Fsvg%27%20width%3D%272560%27%20height%3D%271737%27%20viewBox%3D%270%200%202560%201737%27%3E%3Crect%20width%3D%272560%27%20height%3D%2731737%27%20fill-opacity%3D%220%22%2F%3E%3C%2Fsvg%3E\" data-srcset=\"https:\/\/arteonrender.com\/wp-content\/uploads\/2015\/11\/ALLISON_AS_OF-RIGHT-NEW_01-scaled-1-200x136.jpg 200w, https:\/\/arteonrender.com\/wp-content\/uploads\/2015\/11\/ALLISON_AS_OF-RIGHT-NEW_01-scaled-1-400x271.jpg 400w, https:\/\/arteonrender.com\/wp-content\/uploads\/2015\/11\/ALLISON_AS_OF-RIGHT-NEW_01-scaled-1-600x407.jpg 600w, https:\/\/arteonrender.com\/wp-content\/uploads\/2015\/11\/ALLISON_AS_OF-RIGHT-NEW_01-scaled-1-800x543.jpg 800w, https:\/\/arteonrender.com\/wp-content\/uploads\/2015\/11\/ALLISON_AS_OF-RIGHT-NEW_01-scaled-1-1200x814.jpg 1200w, https:\/\/arteonrender.com\/wp-content\/uploads\/2015\/11\/ALLISON_AS_OF-RIGHT-NEW_01-scaled-1.jpg 2560w\" data-sizes=\"auto\" data-orig-sizes=\"(min-width: 2200px) 100vw, (min-width: 1004px) 400px, (min-width: 822px) 600px, (min-width: 640px) 822px, \" \/><\/a><\/div><\/div><div style=\"padding:0.5px;\" class=\"fusion-grid-column fusion-gallery-column fusion-gallery-column-3 hover-type-zoomout\"><div class=\"fusion-gallery-image\"><a href=\"https:\/\/arteonrender.com\/wp-content\/uploads\/2015\/11\/Captura2-1.jpg\" rel=\"noreferrer\" data-rel=\"iLightbox[gallery_image_1]\" class=\"fusion-lightbox\" target=\"_self\"><img decoding=\"async\" loading=\"lazy\" src=\"https:\/\/arteonrender.com\/wp-content\/uploads\/2015\/11\/Captura2-1.jpg\" data-orig-src=\"https:\/\/arteonrender.com\/wp-content\/uploads\/2015\/11\/Captura2-1.jpg\" width=\"1898\" height=\"849\" alt=\"\" title=\"Captura2-1\" aria-label=\"Captura2-1\" class=\"lazyload img-responsive wp-image-1521\" srcset=\"data:image\/svg+xml,%3Csvg%20xmlns%3D%27http%3A%2F%2Fwww.w3.org%2F2000%2Fsvg%27%20width%3D%271898%27%20height%3D%27849%27%20viewBox%3D%270%200%201898%20849%27%3E%3Crect%20width%3D%271898%27%20height%3D%273849%27%20fill-opacity%3D%220%22%2F%3E%3C%2Fsvg%3E\" data-srcset=\"https:\/\/arteonrender.com\/wp-content\/uploads\/2015\/11\/Captura2-1-200x89.jpg 200w, https:\/\/arteonrender.com\/wp-content\/uploads\/2015\/11\/Captura2-1-400x179.jpg 400w, https:\/\/arteonrender.com\/wp-content\/uploads\/2015\/11\/Captura2-1-600x268.jpg 600w, https:\/\/arteonrender.com\/wp-content\/uploads\/2015\/11\/Captura2-1-800x358.jpg 800w, https:\/\/arteonrender.com\/wp-content\/uploads\/2015\/11\/Captura2-1-1200x537.jpg 1200w, https:\/\/arteonrender.com\/wp-content\/uploads\/2015\/11\/Captura2-1.jpg 1898w\" data-sizes=\"auto\" data-orig-sizes=\"(min-width: 2200px) 100vw, (min-width: 1004px) 400px, (min-width: 822px) 600px, (min-width: 640px) 822px, \" \/><\/a><\/div><\/div><div class=\"clearfix\"><\/div><div style=\"padding:0.5px;\" class=\"fusion-grid-column fusion-gallery-column fusion-gallery-column-3 hover-type-zoomout\"><div class=\"fusion-gallery-image\"><a href=\"https:\/\/arteonrender.com\/wp-content\/uploads\/2015\/11\/Captura2.png\" rel=\"noreferrer\" data-rel=\"iLightbox[gallery_image_1]\" class=\"fusion-lightbox\" target=\"_self\"><img decoding=\"async\" loading=\"lazy\" src=\"https:\/\/arteonrender.com\/wp-content\/uploads\/2015\/11\/Captura2.png\" data-orig-src=\"https:\/\/arteonrender.com\/wp-content\/uploads\/2015\/11\/Captura2.png\" width=\"1634\" height=\"859\" alt=\"\" title=\"Captura2\" aria-label=\"Captura2\" class=\"lazyload img-responsive wp-image-1522\" srcset=\"data:image\/svg+xml,%3Csvg%20xmlns%3D%27http%3A%2F%2Fwww.w3.org%2F2000%2Fsvg%27%20width%3D%271634%27%20height%3D%27859%27%20viewBox%3D%270%200%201634%20859%27%3E%3Crect%20width%3D%271634%27%20height%3D%273859%27%20fill-opacity%3D%220%22%2F%3E%3C%2Fsvg%3E\" data-srcset=\"https:\/\/arteonrender.com\/wp-content\/uploads\/2015\/11\/Captura2-200x105.png 200w, https:\/\/arteonrender.com\/wp-content\/uploads\/2015\/11\/Captura2-400x210.png 400w, https:\/\/arteonrender.com\/wp-content\/uploads\/2015\/11\/Captura2-600x315.png 600w, https:\/\/arteonrender.com\/wp-content\/uploads\/2015\/11\/Captura2-800x421.png 800w, https:\/\/arteonrender.com\/wp-content\/uploads\/2015\/11\/Captura2-1200x631.png 1200w, https:\/\/arteonrender.com\/wp-content\/uploads\/2015\/11\/Captura2.png 1634w\" data-sizes=\"auto\" data-orig-sizes=\"(min-width: 2200px) 100vw, (min-width: 1004px) 400px, (min-width: 822px) 600px, (min-width: 640px) 822px, \" \/><\/a><\/div><\/div><div style=\"padding:0.5px;\" class=\"fusion-grid-column fusion-gallery-column fusion-gallery-column-3 hover-type-zoomout\"><div class=\"fusion-gallery-image\"><a href=\"https:\/\/arteonrender.com\/wp-content\/uploads\/2015\/11\/Captura3.png\" rel=\"noreferrer\" data-rel=\"iLightbox[gallery_image_1]\" class=\"fusion-lightbox\" target=\"_self\"><img decoding=\"async\" loading=\"lazy\" src=\"https:\/\/arteonrender.com\/wp-content\/uploads\/2015\/11\/Captura3.png\" data-orig-src=\"https:\/\/arteonrender.com\/wp-content\/uploads\/2015\/11\/Captura3.png\" width=\"1777\" height=\"861\" alt=\"\" title=\"Captura3\" aria-label=\"Captura3\" class=\"lazyload img-responsive wp-image-1523\" srcset=\"data:image\/svg+xml,%3Csvg%20xmlns%3D%27http%3A%2F%2Fwww.w3.org%2F2000%2Fsvg%27%20width%3D%271777%27%20height%3D%27861%27%20viewBox%3D%270%200%201777%20861%27%3E%3Crect%20width%3D%271777%27%20height%3D%273861%27%20fill-opacity%3D%220%22%2F%3E%3C%2Fsvg%3E\" data-srcset=\"https:\/\/arteonrender.com\/wp-content\/uploads\/2015\/11\/Captura3-200x97.png 200w, https:\/\/arteonrender.com\/wp-content\/uploads\/2015\/11\/Captura3-400x194.png 400w, https:\/\/arteonrender.com\/wp-content\/uploads\/2015\/11\/Captura3-600x291.png 600w, https:\/\/arteonrender.com\/wp-content\/uploads\/2015\/11\/Captura3-800x388.png 800w, https:\/\/arteonrender.com\/wp-content\/uploads\/2015\/11\/Captura3-1200x581.png 1200w, https:\/\/arteonrender.com\/wp-content\/uploads\/2015\/11\/Captura3.png 1777w\" data-sizes=\"auto\" data-orig-sizes=\"(min-width: 2200px) 100vw, (min-width: 1004px) 400px, (min-width: 822px) 600px, (min-width: 640px) 822px, \" \/><\/a><\/div><\/div><div style=\"padding:0.5px;\" class=\"fusion-grid-column fusion-gallery-column fusion-gallery-column-3 hover-type-zoomout\"><div class=\"fusion-gallery-image\"><a href=\"https:\/\/arteonrender.com\/wp-content\/uploads\/2015\/11\/COCONUT-GROVE-HOTEL_01-scaled.jpg\" rel=\"noreferrer\" data-rel=\"iLightbox[gallery_image_1]\" class=\"fusion-lightbox\" target=\"_self\"><img decoding=\"async\" loading=\"lazy\" src=\"https:\/\/arteonrender.com\/wp-content\/uploads\/2015\/11\/COCONUT-GROVE-HOTEL_01-scaled.jpg\" data-orig-src=\"https:\/\/arteonrender.com\/wp-content\/uploads\/2015\/11\/COCONUT-GROVE-HOTEL_01-scaled.jpg\" width=\"2560\" height=\"1737\" alt=\"\" title=\"COCONUT-GROVE-HOTEL_01\" aria-label=\"COCONUT-GROVE-HOTEL_01\" class=\"lazyload img-responsive wp-image-1524\" srcset=\"data:image\/svg+xml,%3Csvg%20xmlns%3D%27http%3A%2F%2Fwww.w3.org%2F2000%2Fsvg%27%20width%3D%272560%27%20height%3D%271737%27%20viewBox%3D%270%200%202560%201737%27%3E%3Crect%20width%3D%272560%27%20height%3D%2731737%27%20fill-opacity%3D%220%22%2F%3E%3C%2Fsvg%3E\" data-srcset=\"https:\/\/arteonrender.com\/wp-content\/uploads\/2015\/11\/COCONUT-GROVE-HOTEL_01-200x136.jpg 200w, https:\/\/arteonrender.com\/wp-content\/uploads\/2015\/11\/COCONUT-GROVE-HOTEL_01-400x271.jpg 400w, https:\/\/arteonrender.com\/wp-content\/uploads\/2015\/11\/COCONUT-GROVE-HOTEL_01-600x407.jpg 600w, https:\/\/arteonrender.com\/wp-content\/uploads\/2015\/11\/COCONUT-GROVE-HOTEL_01-800x543.jpg 800w, https:\/\/arteonrender.com\/wp-content\/uploads\/2015\/11\/COCONUT-GROVE-HOTEL_01-1200x814.jpg 1200w, https:\/\/arteonrender.com\/wp-content\/uploads\/2015\/11\/COCONUT-GROVE-HOTEL_01-scaled.jpg 2560w\" data-sizes=\"auto\" data-orig-sizes=\"(min-width: 2200px) 100vw, (min-width: 1004px) 400px, (min-width: 822px) 600px, (min-width: 640px) 822px, \" \/><\/a><\/div><\/div><div class=\"clearfix\"><\/div><\/div><\/div><\/div><style type=\"text\/css\">.fusion-body .fusion-builder-column-1{width:100% !important;margin-top : 0px;margin-bottom : 0px;}.fusion-builder-column-1 > .fusion-column-wrapper {padding-top : 0px !important;padding-right : 0px !important;margin-right : 1.92%;padding-bottom : 0px !important;padding-left : 0px !important;margin-left : 1.92%;}@media only screen and (max-width:1024px) {.fusion-body .fusion-builder-column-1{width:100% !important;order : 0;}.fusion-builder-column-1 > .fusion-column-wrapper {margin-right : 1.92%;margin-left : 1.92%;}}@media only screen and (max-width:640px) {.fusion-body .fusion-builder-column-1{width:100% !important;order : 0;}.fusion-builder-column-1 > .fusion-column-wrapper {margin-right : 1.92%;margin-left : 1.92%;}}<\/style><\/div><style type=\"text\/css\">.fusion-body .fusion-flex-container.fusion-builder-row-2{ padding-top : 0px;margin-top : 0px;padding-right : 0px;padding-bottom : 0px;margin-bottom : 0px;padding-left : 0px;}<\/style><\/div><\/p>","protected":false},"excerpt":{"rendered":"","protected":false},"author":1,"featured_media":0,"parent":0,"menu_order":0,"comment_status":"closed","ping_status":"closed","template":"100-width.php","meta":{"_uag_custom_page_level_css":""},"uagb_featured_image_src":{"full":false,"thumbnail":false,"medium":false,"medium_large":false,"large":false,"1536x1536":false,"2048x2048":false,"trp-custom-language-flag":false,"portfolio-full":false,"portfolio-one":false,"portfolio-two":false,"portfolio-three":false,"portfolio-five":false,"blog-large":false,"blog-medium":false,"recent-posts":false,"recent-works-thumbnail":false,"fusion-200":false,"fusion-400":false,"fusion-600":false,"fusion-800":false,"fusion-1200":false},"uagb_author_info":{"display_name":"Admin_Arteon","author_link":"https:\/\/arteonrender.com\/es\/author\/admin_arteon\/"},"uagb_comment_info":0,"uagb_excerpt":null,"_links":{"self":[{"href":"https:\/\/arteonrender.com\/es\/wp-json\/wp\/v2\/pages\/1572"}],"collection":[{"href":"https:\/\/arteonrender.com\/es\/wp-json\/wp\/v2\/pages"}],"about":[{"href":"https:\/\/arteonrender.com\/es\/wp-json\/wp\/v2\/types\/page"}],"author":[{"embeddable":true,"href":"https:\/\/arteonrender.com\/es\/wp-json\/wp\/v2\/users\/1"}],"replies":[{"embeddable":true,"href":"https:\/\/arteonrender.com\/es\/wp-json\/wp\/v2\/comments?post=1572"}],"version-history":[{"count":4,"href":"https:\/\/arteonrender.com\/es\/wp-json\/wp\/v2\/pages\/1572\/revisions"}],"predecessor-version":[{"id":1616,"href":"https:\/\/arteonrender.com\/es\/wp-json\/wp\/v2\/pages\/1572\/revisions\/1616"}],"wp:attachment":[{"href":"https:\/\/arteonrender.com\/es\/wp-json\/wp\/v2\/media?parent=1572"}],"curies":[{"name":"wp","href":"https:\/\/api.w.org\/{rel}","templated":true}]}}